{"id":1003,"date":"2023-11-08T20:10:38","date_gmt":"2023-11-08T20:10:38","guid":{"rendered":"https:\/\/aberfeldymod.org.uk\/de-tha-dol\/"},"modified":"2024-07-02T12:49:32","modified_gmt":"2024-07-02T11:49:32","slug":"de-tha-dol","status":"publish","type":"page","link":"https:\/\/aberfeldymod.org.uk\/gd-gb\/de-tha-dol\/","title":{"rendered":"D\u00e8 tha dol"},"content":{"rendered":"\n<p><strong>Dihaoine 14mh den \u00d2gmhios:<\/strong><\/p>\n\n\n\n<p>\u2022 Bidh tachartasan M\u00f2d na Cloinne againn a\u2019 gabhail \u00e0ite fad a latha Dihaoine aig&nbsp;sgoil Choimhearsnachd Bhr\u00e0gh Albainn.<\/p>\n\n\n\n<p>\u2022 Bidh a h-uile farpais a\u2019 t\u00f2iseachadh aig 9:15m.<\/p>\n\n\n\n<p>\u2022 Airson na cloinne tron \u200b\u200blatha bidh gn\u00ecomhan cleas air an cumail ann a se\u00f2mar-oraid na sgoile.<\/p>\n\n\n\n<p><strong>Disathairne 15 \u00d2gmhios.<\/strong><\/p>\n\n\n\n<p>\u2022 Sa mhadainn tha sinn a tionndadh gu na farpaisich inbheach. Th\u00e8id a h-uile co-fharpais seinn aon-neach inbheach a chumail sa mhadainn anns a&#8217; phr\u00ecomh thalla taobh a-staigh sgoil Choimhearsnachd Bhr\u00e0ghad Albainn.<\/p>\n\n\n\n<p>\u2022 Air an fheasgar, bidh na c\u00f2isirean a&#8217; seinn Puirt a beul agus d\u00e0&nbsp;&nbsp;\u00f2ran eile. T\u00f2isichidh farpais nan c\u00f2isirean aig 1:15f.<\/p>\n\n\n\n<p>\u2022 Feasgar ch\u00ecthear farpais na f\u00ecdhle a\u2019 gabhail \u00e0ite anns a\u2019 phr\u00ecomh thalla airson a\u2019 chiad turas.<\/p>\n\n\n\n<p>\u2022 Th\u00e8id farpais na p\u00ecoba a chumail shuas an staidhre \u200b\u200bfad na maidne.<\/p>\n\n\n\n<p>\u2022 Aig 5f tha sinn an d\u00f2chas gun tig sibh c\u00f2mhla rinn airson an tachartas c\u00f2isir m\u00f2r againn ann an Ce\u00e0rnag Obar Pheallaidh, taobh a-muigh an t-seann bhanca.<\/p>\n\n\n\n<p>\u2022 Airson cr\u00ecoch a chur air Disathairne bidh c\u00e8ilidh againn a tha sinn a cumail ann an Talla Baile Obar Pheallaidh. Tha na ticeadan b\u00ecdh againn air an reic air fad, ach tha tiogaidean c\u00e8ilidh againn rim faighinn aig an doras airson \u00a37. Tha an ceilidh a\u2019 t\u00f2iseachadh aig 7:30f.<\/p>\n\n\n\n<p><strong>Did\u00f2mhnaich 16 \u00d2gmhios<\/strong><\/p>\n\n\n\n<p>\u2022 Th\u00e8id seirbheis Gh\u00e0idhlig a chumail ann an eaglais Weem a\u2019 t\u00f2iseachadh aig 2f. Tha cuireadh bl\u00e0th air a h-uile duine a thighinn chun na seirbheis seo<\/p>\n","protected":false},"excerpt":{"rendered":"<p>Dihaoine 14mh den \u00d2gmhios: \u2022 Bidh tachartasan M\u00f2d na Cloinne againn a\u2019 gabhail \u00e0ite fad a latha Dihaoine aig&nbsp;sgoil Choimhearsnachd Bhr\u00e0gh Albainn. \u2022 Bidh a h-uile farpais a\u2019 t\u00f2iseachadh aig 9:15m. \u2022 Airson na cloinne tron \u200b\u200blatha bidh gn\u00ecomhan cleas air an cumail ann a se\u00f2mar-oraid na sgoile. Disathairne 15 \u00d2gmhios. \u2022 Sa mhadainn tha<a href=\"https:\/\/aberfeldymod.org.uk\/gd-gb\/de-tha-dol\/\">Continue reading <span class=\"sr-only\">&#8220;D\u00e8 tha dol&#8221;<\/span><\/a><\/p>\n","protected":false},"author":1,"featured_media":0,"parent":0,"menu_order":20,"comment_status":"closed","ping_status":"closed","template":"","meta":{"footnotes":""},"_links":{"self":[{"href":"https:\/\/aberfeldymod.org.uk\/gd-gb\/wp-json\/wp\/v2\/pages\/1003"}],"collection":[{"href":"https:\/\/aberfeldymod.org.uk\/gd-gb\/wp-json\/wp\/v2\/pages"}],"about":[{"href":"https:\/\/aberfeldymod.org.uk\/gd-gb\/wp-json\/wp\/v2\/types\/page"}],"author":[{"embeddable":true,"href":"https:\/\/aberfeldymod.org.uk\/gd-gb\/wp-json\/wp\/v2\/users\/1"}],"replies":[{"embeddable":true,"href":"https:\/\/aberfeldymod.org.uk\/gd-gb\/wp-json\/wp\/v2\/comments?post=1003"}],"version-history":[{"count":1,"href":"https:\/\/aberfeldymod.org.uk\/gd-gb\/wp-json\/wp\/v2\/pages\/1003\/revisions"}],"predecessor-version":[{"id":1147,"href":"https:\/\/aberfeldymod.org.uk\/gd-gb\/wp-json\/wp\/v2\/pages\/1003\/revisions\/1147"}],"wp:attachment":[{"href":"https:\/\/aberfeldymod.org.uk\/gd-gb\/wp-json\/wp\/v2\/media?parent=1003"}],"curies":[{"name":"wp","href":"https:\/\/api.w.org\/{rel}","templated":true}]}}