{"id":1001,"date":"2023-01-06T13:33:07","date_gmt":"2023-01-06T13:33:07","guid":{"rendered":"https:\/\/aberfeldymod.org.uk\/dachaidh\/"},"modified":"2024-07-02T12:49:03","modified_gmt":"2024-07-02T11:49:03","slug":"dachaidh","status":"publish","type":"page","link":"https:\/\/aberfeldymod.org.uk\/gd-gb\/","title":{"rendered":"Dachaidh"},"content":{"rendered":"<div class=\"wp-block-soliloquy-soliloquywp\"><div class=\"soliloquy-outer-container\" data-soliloquy-loaded=\"0\"><div aria-live=\"polite\" id=\"soliloquy-container-1020\" class=\"soliloquy-container soliloquy-transition-fade soliloquy-fade soliloquy-controls-active soliloquy-arrows-active  soliloquy-theme-base no-js\" style=\"max-width:1280px;margin:0 auto 20px;\"><ul id=\"soliloquy-1020\" class=\"soliloquy-slider soliloquy-slides soliloquy-wrap soliloquy-clear\"><li aria-hidden=\"true\" class=\"soliloquy-item soliloquy-item-1 soliloquy-id-1087 soliloquy-image-slide\" draggable=\"false\" style=\"list-style:none;\"><img decoding=\"async\" loading=\"lazy\" id=\"soliloquy-image-1087\" class=\"soliloquy-image soliloquy-image-1\" src=\"https:\/\/aberfeldymod.org.uk\/wp-content\/uploads\/2024\/05\/image10-1280x960_c.jpeg\" alt=\"image10\" \/><\/li><li aria-hidden=\"true\" class=\"soliloquy-item soliloquy-item-2 soliloquy-id-1091 soliloquy-image-slide\" draggable=\"false\" style=\"list-style:none;\"><img decoding=\"async\" loading=\"lazy\" id=\"soliloquy-image-1091\" class=\"soliloquy-image soliloquy-image-2 soliloquy-preload\" src=\"https:\/\/aberfeldymod.org.uk\/wp-content\/plugins\/soliloquy\/assets\/css\/images\/holder.gif\" data-soliloquy-src=\"https:\/\/aberfeldymod.org.uk\/wp-content\/uploads\/2024\/05\/image7-1280x960_c.jpeg\" alt=\"image7\" \/><\/li><li aria-hidden=\"true\" class=\"soliloquy-item soliloquy-item-3 soliloquy-id-1105 soliloquy-image-slide\" draggable=\"false\" style=\"list-style:none;\"><img decoding=\"async\" loading=\"lazy\" id=\"soliloquy-image-1105\" class=\"soliloquy-image soliloquy-image-3 soliloquy-preload\" src=\"https:\/\/aberfeldymod.org.uk\/wp-content\/plugins\/soliloquy\/assets\/css\/images\/holder.gif\" data-soliloquy-src=\"https:\/\/aberfeldymod.org.uk\/wp-content\/uploads\/2024\/05\/image0-1280x960_c.jpeg\" alt=\"image0\" \/><\/li><li aria-hidden=\"true\" class=\"soliloquy-item soliloquy-item-4 soliloquy-id-1097 soliloquy-image-slide\" draggable=\"false\" style=\"list-style:none;\"><img decoding=\"async\" loading=\"lazy\" id=\"soliloquy-image-1097\" class=\"soliloquy-image soliloquy-image-4 soliloquy-preload\" src=\"https:\/\/aberfeldymod.org.uk\/wp-content\/plugins\/soliloquy\/assets\/css\/images\/holder.gif\" data-soliloquy-src=\"https:\/\/aberfeldymod.org.uk\/wp-content\/uploads\/2024\/05\/image4-1280x960_c.jpeg\" alt=\"image4\" \/><\/li><li aria-hidden=\"true\" class=\"soliloquy-item soliloquy-item-5 soliloquy-id-1081 soliloquy-image-slide\" draggable=\"false\" style=\"list-style:none;\"><img decoding=\"async\" loading=\"lazy\" id=\"soliloquy-image-1081\" class=\"soliloquy-image soliloquy-image-5 soliloquy-preload\" src=\"https:\/\/aberfeldymod.org.uk\/wp-content\/plugins\/soliloquy\/assets\/css\/images\/holder.gif\" data-soliloquy-src=\"https:\/\/aberfeldymod.org.uk\/wp-content\/uploads\/2024\/05\/image13-1280x960_c.jpeg\" alt=\"image13\" \/><\/li><li aria-hidden=\"true\" class=\"soliloquy-item soliloquy-item-6 soliloquy-id-1103 soliloquy-image-slide\" draggable=\"false\" style=\"list-style:none;\"><img decoding=\"async\" loading=\"lazy\" id=\"soliloquy-image-1103\" class=\"soliloquy-image soliloquy-image-6 soliloquy-preload\" src=\"https:\/\/aberfeldymod.org.uk\/wp-content\/plugins\/soliloquy\/assets\/css\/images\/holder.gif\" data-soliloquy-src=\"https:\/\/aberfeldymod.org.uk\/wp-content\/uploads\/2024\/05\/image1-1280x960_c.jpeg\" alt=\"image1\" \/><\/li><li aria-hidden=\"true\" class=\"soliloquy-item soliloquy-item-7 soliloquy-id-1083 soliloquy-image-slide\" draggable=\"false\" style=\"list-style:none;\"><img decoding=\"async\" loading=\"lazy\" id=\"soliloquy-image-1083\" class=\"soliloquy-image soliloquy-image-7 soliloquy-preload\" src=\"https:\/\/aberfeldymod.org.uk\/wp-content\/plugins\/soliloquy\/assets\/css\/images\/holder.gif\" data-soliloquy-src=\"https:\/\/aberfeldymod.org.uk\/wp-content\/uploads\/2024\/05\/image12-1280x960_c.jpeg\" alt=\"image12\" \/><\/li><\/ul><\/div><noscript><div class=\"soliloquy-no-js\" style=\"display:none;visibility:hidden;height:0;line-height:0;opacity:0;\"><img decoding=\"async\" class=\"soliloquy-image soliloquy-no-js-image skip-lazy\" loading=\"lazy\" src=\"https:\/\/aberfeldymod.org.uk\/wp-content\/uploads\/2024\/05\/image10.jpeg\" alt=\"image10\" \/><img decoding=\"async\" class=\"soliloquy-image soliloquy-no-js-image skip-lazy\" loading=\"lazy\" src=\"https:\/\/aberfeldymod.org.uk\/wp-content\/uploads\/2024\/05\/image7.jpeg\" alt=\"image7\" \/><img decoding=\"async\" class=\"soliloquy-image soliloquy-no-js-image skip-lazy\" loading=\"lazy\" src=\"https:\/\/aberfeldymod.org.uk\/wp-content\/uploads\/2024\/05\/image0.jpeg\" alt=\"image0\" \/><img decoding=\"async\" class=\"soliloquy-image soliloquy-no-js-image skip-lazy\" loading=\"lazy\" src=\"https:\/\/aberfeldymod.org.uk\/wp-content\/uploads\/2024\/05\/image4.jpeg\" alt=\"image4\" \/><img decoding=\"async\" class=\"soliloquy-image soliloquy-no-js-image skip-lazy\" loading=\"lazy\" src=\"https:\/\/aberfeldymod.org.uk\/wp-content\/uploads\/2024\/05\/image13.jpeg\" alt=\"image13\" \/><img decoding=\"async\" class=\"soliloquy-image soliloquy-no-js-image skip-lazy\" loading=\"lazy\" src=\"https:\/\/aberfeldymod.org.uk\/wp-content\/uploads\/2024\/05\/image1.jpeg\" alt=\"image1\" \/><img decoding=\"async\" class=\"soliloquy-image soliloquy-no-js-image skip-lazy\" loading=\"lazy\" src=\"https:\/\/aberfeldymod.org.uk\/wp-content\/uploads\/2024\/05\/image12.jpeg\" alt=\"image12\" \/><\/div><\/noscript><\/div><\/div>\n\n\n<p><\/p>\n\n\n\n<h2 class=\"wp-block-heading\"><strong>F\u00e0ilte gu dachaigh M\u00f2d Ionadail Siorrachd Pheairt is Aonghais.<\/strong><\/h2>\n\n\n\n<p>Th\u00e8id M\u00f2d na bliadhna-sa a chumail air Dihaoine 14mh agus Disathairne 15mh den \u00d2gmhios.<\/p>\n","protected":false},"excerpt":{"rendered":"<p>F\u00e0ilte gu dachaigh M\u00f2d Ionadail Siorrachd Pheairt is Aonghais. Th\u00e8id M\u00f2d na bliadhna-sa a chumail air Dihaoine 14mh agus Disathairne 15mh den \u00d2gmhios.<\/p>\n","protected":false},"author":1,"featured_media":0,"parent":0,"menu_order":10,"comment_status":"closed","ping_status":"closed","template":"","meta":{"footnotes":""},"_links":{"self":[{"href":"https:\/\/aberfeldymod.org.uk\/gd-gb\/wp-json\/wp\/v2\/pages\/1001"}],"collection":[{"href":"https:\/\/aberfeldymod.org.uk\/gd-gb\/wp-json\/wp\/v2\/pages"}],"about":[{"href":"https:\/\/aberfeldymod.org.uk\/gd-gb\/wp-json\/wp\/v2\/types\/page"}],"author":[{"embeddable":true,"href":"https:\/\/aberfeldymod.org.uk\/gd-gb\/wp-json\/wp\/v2\/users\/1"}],"replies":[{"embeddable":true,"href":"https:\/\/aberfeldymod.org.uk\/gd-gb\/wp-json\/wp\/v2\/comments?post=1001"}],"version-history":[{"count":4,"href":"https:\/\/aberfeldymod.org.uk\/gd-gb\/wp-json\/wp\/v2\/pages\/1001\/revisions"}],"predecessor-version":[{"id":1146,"href":"https:\/\/aberfeldymod.org.uk\/gd-gb\/wp-json\/wp\/v2\/pages\/1001\/revisions\/1146"}],"wp:attachment":[{"href":"https:\/\/aberfeldymod.org.uk\/gd-gb\/wp-json\/wp\/v2\/media?parent=1001"}],"curies":[{"name":"wp","href":"https:\/\/api.w.org\/{rel}","templated":true}]}}